{"id":604,"date":"2017-06-16T05:32:27","date_gmt":"2017-06-16T05:32:27","guid":{"rendered":"http:\/\/www.49themes.com\/demos\/dentalcarewp\/?page_id=604"},"modified":"2023-11-04T15:41:14","modified_gmt":"2023-11-04T15:41:14","slug":"home","status":"publish","type":"page","link":"https:\/\/tecnidental.com.ec\/","title":{"rendered":"Home"},"content":{"rendered":"<section class=\"wpb-content-wrapper\"><p>[vc_row][vc_column][vc_column_text css=&#8221;.vc_custom_1533483715200{margin-bottom: 0px !important;}&#8221;]\n\t\t\t<!-- START home1 REVOLUTION SLIDER 6.6.14 --><p class=\"rs-p-wp-fix\"><\/p>\n\t\t\t<rs-module-wrap id=\"rev_slider_1_1_wrapper\" data-source=\"gallery\" style=\"visibility:hidden;padding:0;\">\n\t\t\t\t<rs-module id=\"rev_slider_1_1\" style=\"\" data-version=\"6.6.14\">\n\t\t\t\t\t<rs-slides style=\"overflow: hidden; position: absolute;\">\n\t\t\t\t\t\t<rs-slide style=\"position: absolute;\" data-key=\"rs-1\" data-title=\"Slide\" data-thumb=\"\/\/tecnidental.com.ec\/wp-content\/uploads\/2023\/08\/Home1_8000-scaled-100x50.jpg\" data-anim=\"ms:4000ms;p:dark;f:d;o:forceinout;\" data-filter=\"e:late3;b:10;\" data-in=\"o:0;sx:1.1;sy:1.1;e:power1.in;\" data-out=\"a:false;\" data-alttrans=\"fadethroughdark\">\n\t\t\t\t\t\t\t<img decoding=\"async\" src=\"\/\/tecnidental.com.ec\/wp-content\/plugins\/revslider\/public\/assets\/assets\/dummy.png\" alt=\"\" title=\"Home1_8000\" width=\"2560\" height=\"1707\" class=\"rev-slidebg tp-rs-img rs-lazyload\" data-lazyload=\"\/\/tecnidental.com.ec\/wp-content\/uploads\/2023\/08\/Home1_8000-scaled.jpg\" data-no-retina>\n<!---->\t\t\t\t\t\t<\/rs-slide>\n\t\t\t\t\t\t<rs-slide style=\"position: absolute;\" data-key=\"rs-2\" data-title=\"Slide\" data-thumb=\"\/\/tecnidental.com.ec\/wp-content\/uploads\/2023\/08\/1-home3_1_8000-scaled-100x50.jpg\" data-in=\"o:0;\" data-out=\"a:false;\">\n\t\t\t\t\t\t\t<img decoding=\"async\" src=\"\/\/tecnidental.com.ec\/wp-content\/plugins\/revslider\/public\/assets\/assets\/dummy.png\" alt=\"\" title=\"home3_1_8000\" width=\"2560\" height=\"1243\" class=\"rev-slidebg tp-rs-img rs-lazyload\" data-lazyload=\"\/\/tecnidental.com.ec\/wp-content\/uploads\/2023\/08\/1-home3_1_8000-scaled.jpg\" data-no-retina>\n<!---->\t\t\t\t\t\t<\/rs-slide>\n\t\t\t\t\t\t<rs-slide style=\"position: absolute;\" data-key=\"rs-3\" data-title=\"Slide\" data-thumb=\"\/\/tecnidental.com.ec\/wp-content\/uploads\/2023\/08\/Home2-scaled-100x50.jpg\" data-in=\"o:0;\" data-out=\"a:false;\">\n\t\t\t\t\t\t\t<img decoding=\"async\" src=\"\/\/tecnidental.com.ec\/wp-content\/plugins\/revslider\/public\/assets\/assets\/dummy.png\" alt=\"\" title=\"Home2\" width=\"2560\" height=\"1738\" class=\"rev-slidebg tp-rs-img rs-lazyload\" data-lazyload=\"\/\/tecnidental.com.ec\/wp-content\/uploads\/2023\/08\/Home2-scaled.jpg\" data-no-retina>\n<!---->\t\t\t\t\t\t<\/rs-slide>\n\t\t\t\t\t<\/rs-slides>\n\t\t\t\t\t<rs-static-layers><!--\n\t\t\t\t\t--><\/rs-static-layers>\n\t\t\t\t<\/rs-module>\n\t\t\t\t<script>\n\t\t\t\t\tsetREVStartSize({c: 'rev_slider_1_1',rl:[1240,1024,778,480],el:[777,768,960,720],gw:[1240,1024,778,480],gh:[777,768,960,720],type:'standard',justify:'',layout:'fullscreen',offsetContainer:'',offset:'',mh:\"0\"});if (window.RS_MODULES!==undefined && window.RS_MODULES.modules!==undefined && window.RS_MODULES.modules[\"revslider11\"]!==undefined) {window.RS_MODULES.modules[\"revslider11\"].once = false;window.revapi1 = undefined;if (window.RS_MODULES.checkMinimal!==undefined) window.RS_MODULES.checkMinimal()}\n\t\t\t\t<\/script>\n\t\t\t<\/rs-module-wrap>\n\t\t\t<!-- END REVOLUTION SLIDER -->\n\t\t\t<div style=\"clear:both;display:block;width:100%;height:0px\"><\/div>[\/vc_column_text][\/vc_column][\/vc_row][vc_row el_class=&#8221;dental_practice&#8221;][vc_column][vc_row_inner el_class=&#8221;tt-block&#8221;][vc_column_inner el_class=&#8221;width-nine-plus&#8221; width=&#8221;4\/12&#8243;][vc_single_image image=&#8221;1248&#8243; img_size=&#8221;full&#8221; css=&#8221;.vc_custom_1691968946616{margin-bottom: 0px !important;}&#8221; el_class=&#8221;image&#8221;][vc_column_text css=&#8221;.vc_custom_1498470253991{margin-bottom: 0px !important;}&#8221;]<\/p>\n<div class=\"empty-space marg-sm-b30\"><\/div>\n<p>[\/vc_column_text][\/vc_column_inner][vc_column_inner el_class=&#8221;width-nine-plus&#8221; width=&#8221;8\/12&#8243;][dentalcare_dental_practice description=&#8221;Somos un laboratorio dental de alta est\u00e9tica con m\u00e1s de 13 a\u00f1os de experiencia construyendo sonrisas. Contamos con la m\u00e1s alta Tecnolog\u00eda: CAD CAM y Servicio de Esc\u00e1ner Intraoral para ofrecer un flujo de trabajo 100% digital, de esta manera brindamos trabajos de alta est\u00e9tica dental, precisos y de alta calidad.&#8221; image=&#8221;624&#8243; image1=&#8221;624&#8243; subtitle=&#8221;Personal Calificado&#8221; image_home=&#8221;624&#8243; image_home_two=&#8221;624&#8243; subtitle_two=&#8221;Calidad de Trabajo&#8221; image_home_three=&#8221;624&#8243; subtitle_three=&#8221;Productos de alta Calidad&#8221; image_home_right=&#8221;1592&#8243;][\/vc_column_inner][\/vc_row_inner][\/vc_column][\/vc_row][vc_row full_width=&#8221;stretch_row&#8221; el_id=&#8221;demos&#8221;][vc_column el_class=&#8221;tt-block&#8221;][vc_row_inner el_class=&#8221;large-12 columns rtl_float_none&#8221;][vc_column_inner][dentalcare_custom_heading heading=&#8221;Nuestros&#8221; heading_two=&#8221;Servicios&#8221; heading_color_two=&#8221;#8e8d8d&#8221; position=&#8221;center&#8221;][vc_column_text css=&#8221;.vc_custom_1695861851890{margin-bottom: 0px !important;}&#8221;]<\/p>\n<div class=\"simple-text text-center testitext\">\n<div class=\"wpb_text_column wpb_content_element\">\n<div class=\"wpb_wrapper\">\n<p>En Tecnidental, ponemos a tu disposici\u00f3n la tecnolog\u00eda prot\u00e9sica dental m\u00e1s avanzada y un equipo de profesionales comprometido, cercano y con amplia experiencia.<\/p>\n<\/div>\n<\/div>\n<\/div>\n<p>[\/vc_column_text][dentalcare_services_listing order=&#8221;ASC&#8221; orderby=&#8221;title&#8221; layout=&#8221;carousel&#8221; number=&#8221;5&#8243; readmore_text=&#8221;Ver m\u00e1s&#8221;][\/vc_column_inner][\/vc_row_inner][\/vc_column][\/vc_row][vc_row full_width=&#8221;stretch_row&#8221; el_class=&#8221;book_appointment tt-block&#8221;][vc_column width=&#8221;1\/2&#8243; el_class=&#8221;tt-reply form4 width-nine-plus&#8221; css=&#8221;.vc_custom_1497677373973{padding-top: 0px !important;}&#8221;][vc_column_text css=&#8221;.vc_custom_1691875284351{margin-bottom: 0px !important;}&#8221;]<\/p>\n<h4 class=\"tt-title h3 white font-32 ml15 margin-heading-bottom\">\u00a1Solicita informaci\u00f3n sobre nuestros servicios y tarifas!<\/h4>\n<p>[\/vc_column_text]\n<div class=\"wpcf7 no-js\" id=\"wpcf7-f673-o1\" lang=\"en-US\" dir=\"ltr\">\n<div class=\"screen-reader-response\"><p role=\"status\" aria-live=\"polite\" aria-atomic=\"true\"><\/p> <ul><\/ul><\/div>\n<form action=\"\/index.php\/wp-json\/wp\/v2\/pages\/604#wpcf7-f673-o1\" method=\"post\" class=\"wpcf7-form init\" aria-label=\"Contact form\" novalidate=\"novalidate\" data-status=\"init\">\n<div style=\"display: none;\">\n<input type=\"hidden\" name=\"_wpcf7\" value=\"673\" \/>\n<input type=\"hidden\" name=\"_wpcf7_version\" value=\"5.7.7\" \/>\n<input type=\"hidden\" name=\"_wpcf7_locale\" value=\"en_US\" \/>\n<input type=\"hidden\" name=\"_wpcf7_unit_tag\" value=\"wpcf7-f673-o1\" \/>\n<input type=\"hidden\" name=\"_wpcf7_container_post\" value=\"0\" \/>\n<input type=\"hidden\" name=\"_wpcf7_posted_data_hash\" value=\"\" \/>\n<\/div>\n<div class=\"tt-submit-form\">\n\t<div class=\"form-group col-md-6\">\n\t\t<p><span class=\"wpcf7-form-control-wrap\" data-name=\"your-name\"><input size=\"40\" class=\"wpcf7-form-control wpcf7-text wpcf7-validates-as-required c-input brd-grey\" aria-required=\"true\" aria-invalid=\"false\" placeholder=\"Nombres\" value=\"\" type=\"text\" name=\"your-name\" \/><\/span>\n\t\t<\/p>\n\t<\/div>\n\t<div class=\"form-group col-md-6\">\n\t\t<p><span class=\"wpcf7-form-control-wrap\" data-name=\"your-number\"><input size=\"40\" class=\"wpcf7-form-control wpcf7-text wpcf7-validates-as-required c-input brd-grey\" aria-required=\"true\" aria-invalid=\"false\" placeholder=\"N\u00famero Tel\u00e9fono\/ Celular\" value=\"\" type=\"text\" name=\"your-number\" \/><\/span>\n\t\t<\/p>\n\t<\/div>\n\t<div class=\"form-group col-md-6\">\n\t\t<p><span class=\"wpcf7-form-control-wrap\" data-name=\"your-email\"><input size=\"40\" class=\"wpcf7-form-control wpcf7-text wpcf7-email wpcf7-validates-as-email c-input brd-grey\" aria-invalid=\"false\" placeholder=\"Correo\" value=\"\" type=\"email\" name=\"your-email\" \/><\/span>\n\t\t<\/p>\n\t<\/div>\n\t<div class=\"form-group col-md-6\">\n\t\t<p><span class=\"wpcf7-form-control-wrap\" data-name=\"doctot-name\"><input size=\"40\" class=\"wpcf7-form-control wpcf7-text c-input brd-grey\" aria-invalid=\"false\" placeholder=\"Referencia o cont\u00e1cto\" value=\"\" type=\"text\" name=\"doctot-name\" \/><\/span>\n\t\t<\/p>\n\t<\/div>\n\t<div class=\"form-group col-md-6\">\n\t\t<p><span class=\"wpcf7-form-control-wrap\" data-name=\"your-date\"><input size=\"40\" class=\"wpcf7-form-control wpcf7-text c-input brd-grey\" aria-invalid=\"false\" placeholder=\"Fecha cont\u00e1cto\" value=\"\" type=\"text\" name=\"your-date\" \/><\/span>\n\t\t<\/p>\n\t<\/div>\n\t<div class=\"form-group col-md-6\">\n\t\t<p><span class=\"wpcf7-form-control-wrap\" data-name=\"your-time\"><input size=\"40\" class=\"wpcf7-form-control wpcf7-text c-input brd-grey\" aria-invalid=\"false\" placeholder=\"Hora cont\u00e1cto\" value=\"\" type=\"text\" name=\"your-time\" \/><\/span>\n\t\t<\/p>\n\t<\/div>\n\t<div class=\"c-btn small \">\n\t\t<p><input class=\"wpcf7-form-control has-spinner wpcf7-submit appoint\" type=\"submit\" value=\"Solicitar Informac\u00edon\" \/>\n\t\t<\/p>\n\t<\/div>\n<\/div><div class=\"wpcf7-response-output\" aria-hidden=\"true\"><\/div>\n<\/form>\n<\/div>\n[\/vc_column][vc_column width=&#8221;1\/2&#8243; css=&#8221;.vc_custom_1497677379011{padding-top: 0px !important;}&#8221; el_class=&#8221;questions width-nine-plus&#8221;][vc_column_text][\/vc_column_text][vc_column_text]<\/p>\n<div class=\"x11i5rnm xat24cr x1mh8g0r x1vvkbs xtlvy1s x126k92a\">\n<div dir=\"auto\">\n<h4 class=\"tt-title h3 font-32 acolor\">Tecnidental<\/h4>\n<p>&nbsp;<\/p>\n<\/div>\n<ul>\n<li dir=\"auto\">Todos los beneficios de la tecnolog\u00eda digital en odontolog\u00eda con calidad alemana para tu cl\u00ednica.<\/li>\n<\/ul>\n<\/div>\n<div class=\"x11i5rnm xat24cr x1mh8g0r x1vvkbs xtlvy1s x126k92a simple-text\">\n<ul>\n<li dir=\"auto\">Tecnidental brinda su servicio Itinerante de Esc\u00e1ner Intraoral para poder realizar todos tus tratamientos con la mayor precisi\u00f3n y exactitud.<\/li>\n<\/ul>\n<\/div>\n<div class=\"x11i5rnm xat24cr x1mh8g0r x1vvkbs xtlvy1s x126k92a simple-text\">\n<ul>\n<li dir=\"auto\">Realiza tus tratamientos de Rehabilitaci\u00f3n Oral, Est\u00e9tica, Ortodoncia y Guias Quir\u00fargicas con lo m\u00e1s avanzado.<\/li>\n<\/ul>\n<\/div>\n<p>[\/vc_column_text][\/vc_column][\/vc_row][vc_row full_width=&#8221;stretch_row_content_no_spaces&#8221;][vc_column][dentalcare_gmap][\/dentalcare_gmap][vc_gmaps link=&#8221;#E-8_JTNDaWZyYW1lJTIwc3JjJTNEJTIyaHR0cHMlM0ElMkYlMkZ3d3cuZ29vZ2xlLmNvbSUyRm1hcHMlMkZlbWJlZCUzRnBiJTNEJTIxMW0xOCUyMTFtMTIlMjExbTMlMjExZDE5OTIuMzQxNjAzNDA5NTkyNCUyMTJkLTc5LjAzOTUzNzMyMTYxOTE0JTIxM2QtMi45MDcyNTIwNTIzNTkxMTQlMjEybTMlMjExZjAlMjEyZjAlMjEzZjAlMjEzbTIlMjExaTEwMjQlMjEyaTc2OCUyMTRmMTMuMSUyMTNtMyUyMTFtMiUyMTFzMHg5MWNkMjI5NGYxMjU4NjYxJTI1M0EweDg2Y2MzMzBiNDgwMDY5MTAlMjEyc1RlY25pRGVudGFsJTI1MjBMYWJvcmF0b3JpbyUyNTIwRGVudGFsJTIxNWUwJTIxM20yJTIxMXNlcy00MTklMjEyc2VjJTIxNHYxNjkzNTE2NDg2NzIxJTIxNW0yJTIxMXNlcy00MTklMjEyc2VjJTIyJTIwd2lkdGglM0QlMjI2MDAlMjIlMjBoZWlnaHQlM0QlMjI0NTAlMjIlMjBzdHlsZSUzRCUyMmJvcmRlciUzQTAlM0IlMjIlMjBhbGxvd2Z1bGxzY3JlZW4lM0QlMjIlMjIlMjBsb2FkaW5nJTNEJTIybGF6eSUyMiUyMHJlZmVycmVycG9saWN5JTNEJTIybm8tcmVmZXJyZXItd2hlbi1kb3duZ3JhZGUlMjIlM0UlM0MlMkZpZnJhbWUlM0U=&#8221; el_class=&#8221;padding-none-contact&#8221;][\/vc_column][\/vc_row]<\/p>\n<\/section>","protected":false},"excerpt":{"rendered":"<p>[vc_row][vc_column][vc_column_text css=&#8221;.vc_custom_1533483715200{margin-bottom: 0px !important;}&#8221;][\/vc_column_text][\/vc_column][\/vc_row][vc_row el_class=&#8221;dental_practice&#8221;][vc_column][vc_row_inner el_class=&#8221;tt-block&#8221;][vc_column_inner el_class=&#8221;width-nine-plus&#8221; width=&#8221;4\/12&#8243;][vc_single_image image=&#8221;1248&#8243; img_size=&#8221;full&#8221; css=&#8221;.vc_custom_1691968946616{margin-bottom: 0px !important;}&#8221; el_class=&#8221;image&#8221;][vc_column_text css=&#8221;.vc_custom_1498470253991{margin-bottom: 0px !important;}&#8221;] [\/vc_column_text][\/vc_column_inner][vc_column_inner el_class=&#8221;width-nine-plus&#8221; width=&#8221;8\/12&#8243;][dentalcare_dental_practice description=&#8221;Somos un laboratorio dental de alta est\u00e9tica con m\u00e1s de 13 a\u00f1os de experiencia construyendo sonrisas. Contamos con la m\u00e1s alta Tecnolog\u00eda: CAD CAM y Servicio de Esc\u00e1ner Intraoral para ofrecer un flujo de trabajo<\/p>\n","protected":false},"author":1,"featured_media":0,"parent":0,"menu_order":0,"comment_status":"closed","ping_status":"closed","template":"","meta":{"footnotes":""},"class_list":["post-604","page","type-page","status-publish","hentry"],"yoast_head":"<!-- This site is optimized with the Yoast SEO plugin v20.11 - https:\/\/yoast.com\/wordpress\/plugins\/seo\/ -->\n<title>Home - Tecnidental<\/title>\n<meta name=\"robots\" content=\"index, follow, max-snippet:-1, max-image-preview:large, max-video-preview:-1\" \/>\n<link rel=\"canonical\" href=\"https:\/\/tecnidental.com.ec\/\" \/>\n<meta property=\"og:locale\" content=\"es_ES\" \/>\n<meta property=\"og:type\" content=\"article\" \/>\n<meta property=\"og:title\" content=\"https:\/\/www.facebook.com\/tecnidentalcuenca?mibextid=ZbWKwL\" \/>\n<meta property=\"og:description\" content=\"[vc_row][vc_column][vc_column_text css=&#8221;.vc_custom_1533483715200{margin-bottom: 0px !important;}&#8221;][\/vc_column_text][\/vc_column][\/vc_row][vc_row el_class=&#8221;dental_practice&#8221;][vc_column][vc_row_inner el_class=&#8221;tt-block&#8221;][vc_column_inner el_class=&#8221;width-nine-plus&#8221; width=&#8221;4\/12&#8243;][vc_single_image image=&#8221;1248&#8243; img_size=&#8221;full&#8221; css=&#8221;.vc_custom_1691968946616{margin-bottom: 0px !important;}&#8221; el_class=&#8221;image&#8221;][vc_column_text css=&#8221;.vc_custom_1498470253991{margin-bottom: 0px !important;}&#8221;] [\/vc_column_text][\/vc_column_inner][vc_column_inner el_class=&#8221;width-nine-plus&#8221; width=&#8221;8\/12&#8243;][dentalcare_dental_practice description=&#8221;Somos un laboratorio dental de alta est\u00e9tica con m\u00e1s de 13 a\u00f1os de experiencia construyendo sonrisas. Contamos con la m\u00e1s alta Tecnolog\u00eda: CAD CAM y Servicio de Esc\u00e1ner Intraoral para ofrecer un flujo de trabajo\" \/>\n<meta property=\"og:url\" content=\"https:\/\/tecnidental.com.ec\/\" \/>\n<meta property=\"og:site_name\" content=\"Tecnidental\" \/>\n<meta property=\"article:publisher\" content=\"https:\/\/www.facebook.com\/tecnidentalcuenca?mibextid=ZbWKwL\" \/>\n<meta property=\"article:modified_time\" content=\"2023-11-04T15:41:14+00:00\" \/>\n<meta name=\"twitter:card\" content=\"summary_large_image\" \/>\n<meta name=\"twitter:label1\" content=\"Tiempo de lectura\" \/>\n\t<meta name=\"twitter:data1\" content=\"2 minutos\" \/>\n<script type=\"application\/ld+json\" class=\"yoast-schema-graph\">{\"@context\":\"https:\/\/schema.org\",\"@graph\":[{\"@type\":\"WebPage\",\"@id\":\"https:\/\/tecnidental.com.ec\/\",\"url\":\"https:\/\/tecnidental.com.ec\/\",\"name\":\"Home - Tecnidental\",\"isPartOf\":{\"@id\":\"https:\/\/tecnidental.com.ec\/#website\"},\"datePublished\":\"2017-06-16T05:32:27+00:00\",\"dateModified\":\"2023-11-04T15:41:14+00:00\",\"breadcrumb\":{\"@id\":\"https:\/\/tecnidental.com.ec\/#breadcrumb\"},\"inLanguage\":\"es\",\"potentialAction\":[{\"@type\":\"ReadAction\",\"target\":[\"https:\/\/tecnidental.com.ec\/\"]}]},{\"@type\":\"BreadcrumbList\",\"@id\":\"https:\/\/tecnidental.com.ec\/#breadcrumb\",\"itemListElement\":[{\"@type\":\"ListItem\",\"position\":1,\"name\":\"Portada\",\"item\":\"https:\/\/tecnidental.com.ec\/\"},{\"@type\":\"ListItem\",\"position\":2,\"name\":\"Home\"}]},{\"@type\":\"WebSite\",\"@id\":\"https:\/\/tecnidental.com.ec\/#website\",\"url\":\"https:\/\/tecnidental.com.ec\/\",\"name\":\"Tecnidental\",\"description\":\"\",\"publisher\":{\"@id\":\"https:\/\/tecnidental.com.ec\/#organization\"},\"potentialAction\":[{\"@type\":\"SearchAction\",\"target\":{\"@type\":\"EntryPoint\",\"urlTemplate\":\"https:\/\/tecnidental.com.ec\/?s={search_term_string}\"},\"query-input\":\"required name=search_term_string\"}],\"inLanguage\":\"es\"},{\"@type\":\"Organization\",\"@id\":\"https:\/\/tecnidental.com.ec\/#organization\",\"name\":\"Tecnidental\",\"url\":\"https:\/\/tecnidental.com.ec\/\",\"logo\":{\"@type\":\"ImageObject\",\"inLanguage\":\"es\",\"@id\":\"https:\/\/tecnidental.com.ec\/#\/schema\/logo\/image\/\",\"url\":\"https:\/\/tecnidental.com.ec\/wp-content\/uploads\/2023\/08\/LOGO-TECNIDENTAL_190X72_Mesa-de-trabajo-1.png\",\"contentUrl\":\"https:\/\/tecnidental.com.ec\/wp-content\/uploads\/2023\/08\/LOGO-TECNIDENTAL_190X72_Mesa-de-trabajo-1.png\",\"width\":191,\"height\":73,\"caption\":\"Tecnidental\"},\"image\":{\"@id\":\"https:\/\/tecnidental.com.ec\/#\/schema\/logo\/image\/\"},\"sameAs\":[\"https:\/\/www.facebook.com\/tecnidentalcuenca?mibextid=ZbWKwL\"]}]}<\/script>\n<!-- \/ Yoast SEO plugin. -->","yoast_head_json":{"title":"Home - Tecnidental","robots":{"index":"index","follow":"follow","max-snippet":"max-snippet:-1","max-image-preview":"max-image-preview:large","max-video-preview":"max-video-preview:-1"},"canonical":"https:\/\/tecnidental.com.ec\/","og_locale":"es_ES","og_type":"article","og_title":"https:\/\/www.facebook.com\/tecnidentalcuenca?mibextid=ZbWKwL","og_description":"[vc_row][vc_column][vc_column_text css=&#8221;.vc_custom_1533483715200{margin-bottom: 0px !important;}&#8221;][\/vc_column_text][\/vc_column][\/vc_row][vc_row el_class=&#8221;dental_practice&#8221;][vc_column][vc_row_inner el_class=&#8221;tt-block&#8221;][vc_column_inner el_class=&#8221;width-nine-plus&#8221; width=&#8221;4\/12&#8243;][vc_single_image image=&#8221;1248&#8243; img_size=&#8221;full&#8221; css=&#8221;.vc_custom_1691968946616{margin-bottom: 0px !important;}&#8221; el_class=&#8221;image&#8221;][vc_column_text css=&#8221;.vc_custom_1498470253991{margin-bottom: 0px !important;}&#8221;] [\/vc_column_text][\/vc_column_inner][vc_column_inner el_class=&#8221;width-nine-plus&#8221; width=&#8221;8\/12&#8243;][dentalcare_dental_practice description=&#8221;Somos un laboratorio dental de alta est\u00e9tica con m\u00e1s de 13 a\u00f1os de experiencia construyendo sonrisas. Contamos con la m\u00e1s alta Tecnolog\u00eda: CAD CAM y Servicio de Esc\u00e1ner Intraoral para ofrecer un flujo de trabajo","og_url":"https:\/\/tecnidental.com.ec\/","og_site_name":"Tecnidental","article_publisher":"https:\/\/www.facebook.com\/tecnidentalcuenca?mibextid=ZbWKwL","article_modified_time":"2023-11-04T15:41:14+00:00","twitter_card":"summary_large_image","twitter_misc":{"Tiempo de lectura":"2 minutos"},"schema":{"@context":"https:\/\/schema.org","@graph":[{"@type":"WebPage","@id":"https:\/\/tecnidental.com.ec\/","url":"https:\/\/tecnidental.com.ec\/","name":"Home - Tecnidental","isPartOf":{"@id":"https:\/\/tecnidental.com.ec\/#website"},"datePublished":"2017-06-16T05:32:27+00:00","dateModified":"2023-11-04T15:41:14+00:00","breadcrumb":{"@id":"https:\/\/tecnidental.com.ec\/#breadcrumb"},"inLanguage":"es","potentialAction":[{"@type":"ReadAction","target":["https:\/\/tecnidental.com.ec\/"]}]},{"@type":"BreadcrumbList","@id":"https:\/\/tecnidental.com.ec\/#breadcrumb","itemListElement":[{"@type":"ListItem","position":1,"name":"Portada","item":"https:\/\/tecnidental.com.ec\/"},{"@type":"ListItem","position":2,"name":"Home"}]},{"@type":"WebSite","@id":"https:\/\/tecnidental.com.ec\/#website","url":"https:\/\/tecnidental.com.ec\/","name":"Tecnidental","description":"","publisher":{"@id":"https:\/\/tecnidental.com.ec\/#organization"},"potentialAction":[{"@type":"SearchAction","target":{"@type":"EntryPoint","urlTemplate":"https:\/\/tecnidental.com.ec\/?s={search_term_string}"},"query-input":"required name=search_term_string"}],"inLanguage":"es"},{"@type":"Organization","@id":"https:\/\/tecnidental.com.ec\/#organization","name":"Tecnidental","url":"https:\/\/tecnidental.com.ec\/","logo":{"@type":"ImageObject","inLanguage":"es","@id":"https:\/\/tecnidental.com.ec\/#\/schema\/logo\/image\/","url":"https:\/\/tecnidental.com.ec\/wp-content\/uploads\/2023\/08\/LOGO-TECNIDENTAL_190X72_Mesa-de-trabajo-1.png","contentUrl":"https:\/\/tecnidental.com.ec\/wp-content\/uploads\/2023\/08\/LOGO-TECNIDENTAL_190X72_Mesa-de-trabajo-1.png","width":191,"height":73,"caption":"Tecnidental"},"image":{"@id":"https:\/\/tecnidental.com.ec\/#\/schema\/logo\/image\/"},"sameAs":["https:\/\/www.facebook.com\/tecnidentalcuenca?mibextid=ZbWKwL"]}]}},"_links":{"self":[{"href":"https:\/\/tecnidental.com.ec\/index.php\/wp-json\/wp\/v2\/pages\/604","targetHints":{"allow":["GET"]}}],"collection":[{"href":"https:\/\/tecnidental.com.ec\/index.php\/wp-json\/wp\/v2\/pages"}],"about":[{"href":"https:\/\/tecnidental.com.ec\/index.php\/wp-json\/wp\/v2\/types\/page"}],"author":[{"embeddable":true,"href":"https:\/\/tecnidental.com.ec\/index.php\/wp-json\/wp\/v2\/users\/1"}],"replies":[{"embeddable":true,"href":"https:\/\/tecnidental.com.ec\/index.php\/wp-json\/wp\/v2\/comments?post=604"}],"version-history":[{"count":50,"href":"https:\/\/tecnidental.com.ec\/index.php\/wp-json\/wp\/v2\/pages\/604\/revisions"}],"predecessor-version":[{"id":1601,"href":"https:\/\/tecnidental.com.ec\/index.php\/wp-json\/wp\/v2\/pages\/604\/revisions\/1601"}],"wp:attachment":[{"href":"https:\/\/tecnidental.com.ec\/index.php\/wp-json\/wp\/v2\/media?parent=604"}],"curies":[{"name":"wp","href":"https:\/\/api.w.org\/{rel}","templated":true}]}}