{"id":226,"date":"2017-03-02T04:36:51","date_gmt":"2017-03-02T04:36:51","guid":{"rendered":"http:\/\/www.49themes.com\/demos\/dentalcarewp\/?page_id=226"},"modified":"2023-10-25T03:02:21","modified_gmt":"2023-10-25T03:02:21","slug":"doctor-services","status":"publish","type":"page","link":"https:\/\/tecnidental.com.ec\/index.php\/doctor-services\/","title":{"rendered":""},"content":{"rendered":"<section class=\"wpb-content-wrapper\"><p>[vc_row][vc_column][vc_column_text]<\/p>\n<div class=\"row\">\n<div class=\"col-md-7\">\n<div class=\"tt-clinical\">\n<h4 class=\"tt-title h4\">Pr\u00f3tesis Fija<\/h4>\n<div class=\"simple-text margin\">\n<p>Son\u00a0tratamientos realizados sobre dientes desgastados, para restaurar su funci\u00f3n y est\u00e9tica. Son tratamientos que requieren una previa preparaci\u00f3n en el diente, para posteriormente restaurarlo de manera fija.<\/p>\n<p>A la hora de restaurar dientes desgastados, se colocar\u00e1n sobre las mismas coronas \u00f3 carillas. Tanto las carillas como las coronas se realizan con materiales cer\u00e1micos, asemejando los propiedades y colores de los dientes al m\u00e1ximo, los cu\u00e1les pueden ser realizados por materiales como metal-cer\u00e1mica o zirconio.<\/p>\n<\/div>\n<\/div>\n<\/div>\n<\/div>\n<p>&nbsp;<\/p>\n<p>&nbsp;[\/vc_column_text][\/vc_column][\/vc_row]<\/p>\n<\/section>","protected":false},"excerpt":{"rendered":"<p>[vc_row][vc_column][vc_column_text] Pr\u00f3tesis Fija Son\u00a0tratamientos realizados sobre dientes desgastados, para restaurar su funci\u00f3n y est\u00e9tica. Son tratamientos que requieren una previa preparaci\u00f3n en el diente, para posteriormente restaurarlo de manera fija. A la hora de restaurar dientes desgastados, se colocar\u00e1n sobre las mismas coronas \u00f3 carillas. Tanto las carillas como las coronas se realizan con materiales<\/p>\n","protected":false},"author":1,"featured_media":0,"parent":0,"menu_order":0,"comment_status":"closed","ping_status":"closed","template":"","meta":{"footnotes":""},"class_list":["post-226","page","type-page","status-publish","hentry"],"yoast_head":"<!-- This site is optimized with the Yoast SEO plugin v20.11 - https:\/\/yoast.com\/wordpress\/plugins\/seo\/ -->\n<title>- Tecnidental<\/title>\n<meta name=\"robots\" content=\"index, follow, max-snippet:-1, max-image-preview:large, max-video-preview:-1\" \/>\n<link rel=\"canonical\" href=\"https:\/\/tecnidental.com.ec\/index.php\/doctor-services\/\" \/>\n<meta property=\"og:locale\" content=\"es_ES\" \/>\n<meta property=\"og:type\" content=\"article\" \/>\n<meta property=\"og:title\" content=\"- Tecnidental\" \/>\n<meta property=\"og:description\" content=\"[vc_row][vc_column][vc_column_text] Pr\u00f3tesis Fija Son\u00a0tratamientos realizados sobre dientes desgastados, para restaurar su funci\u00f3n y est\u00e9tica. Son tratamientos que requieren una previa preparaci\u00f3n en el diente, para posteriormente restaurarlo de manera fija. A la hora de restaurar dientes desgastados, se colocar\u00e1n sobre las mismas coronas \u00f3 carillas. Tanto las carillas como las coronas se realizan con materiales\" \/>\n<meta property=\"og:url\" content=\"https:\/\/tecnidental.com.ec\/index.php\/doctor-services\/\" \/>\n<meta property=\"og:site_name\" content=\"Tecnidental\" \/>\n<meta property=\"article:publisher\" content=\"https:\/\/www.facebook.com\/tecnidentalcuenca?mibextid=ZbWKwL\" \/>\n<meta property=\"article:modified_time\" content=\"2023-10-25T03:02:21+00:00\" \/>\n<meta name=\"twitter:card\" content=\"summary_large_image\" \/>\n<meta name=\"twitter:label1\" content=\"Tiempo de lectura\" \/>\n\t<meta name=\"twitter:data1\" content=\"1 minuto\" \/>\n<script type=\"application\/ld+json\" class=\"yoast-schema-graph\">{\"@context\":\"https:\/\/schema.org\",\"@graph\":[{\"@type\":\"WebPage\",\"@id\":\"https:\/\/tecnidental.com.ec\/index.php\/doctor-services\/\",\"url\":\"https:\/\/tecnidental.com.ec\/index.php\/doctor-services\/\",\"name\":\"- Tecnidental\",\"isPartOf\":{\"@id\":\"https:\/\/tecnidental.com.ec\/#website\"},\"datePublished\":\"2017-03-02T04:36:51+00:00\",\"dateModified\":\"2023-10-25T03:02:21+00:00\",\"inLanguage\":\"es\",\"potentialAction\":[{\"@type\":\"ReadAction\",\"target\":[\"https:\/\/tecnidental.com.ec\/index.php\/doctor-services\/\"]}]},{\"@type\":\"WebSite\",\"@id\":\"https:\/\/tecnidental.com.ec\/#website\",\"url\":\"https:\/\/tecnidental.com.ec\/\",\"name\":\"Tecnidental\",\"description\":\"\",\"publisher\":{\"@id\":\"https:\/\/tecnidental.com.ec\/#organization\"},\"potentialAction\":[{\"@type\":\"SearchAction\",\"target\":{\"@type\":\"EntryPoint\",\"urlTemplate\":\"https:\/\/tecnidental.com.ec\/?s={search_term_string}\"},\"query-input\":\"required name=search_term_string\"}],\"inLanguage\":\"es\"},{\"@type\":\"Organization\",\"@id\":\"https:\/\/tecnidental.com.ec\/#organization\",\"name\":\"Tecnidental\",\"url\":\"https:\/\/tecnidental.com.ec\/\",\"logo\":{\"@type\":\"ImageObject\",\"inLanguage\":\"es\",\"@id\":\"https:\/\/tecnidental.com.ec\/#\/schema\/logo\/image\/\",\"url\":\"https:\/\/tecnidental.com.ec\/wp-content\/uploads\/2023\/08\/LOGO-TECNIDENTAL_190X72_Mesa-de-trabajo-1.png\",\"contentUrl\":\"https:\/\/tecnidental.com.ec\/wp-content\/uploads\/2023\/08\/LOGO-TECNIDENTAL_190X72_Mesa-de-trabajo-1.png\",\"width\":191,\"height\":73,\"caption\":\"Tecnidental\"},\"image\":{\"@id\":\"https:\/\/tecnidental.com.ec\/#\/schema\/logo\/image\/\"},\"sameAs\":[\"https:\/\/www.facebook.com\/tecnidentalcuenca?mibextid=ZbWKwL\"]}]}<\/script>\n<!-- \/ Yoast SEO plugin. -->","yoast_head_json":{"title":"- Tecnidental","robots":{"index":"index","follow":"follow","max-snippet":"max-snippet:-1","max-image-preview":"max-image-preview:large","max-video-preview":"max-video-preview:-1"},"canonical":"https:\/\/tecnidental.com.ec\/index.php\/doctor-services\/","og_locale":"es_ES","og_type":"article","og_title":"- Tecnidental","og_description":"[vc_row][vc_column][vc_column_text] Pr\u00f3tesis Fija Son\u00a0tratamientos realizados sobre dientes desgastados, para restaurar su funci\u00f3n y est\u00e9tica. Son tratamientos que requieren una previa preparaci\u00f3n en el diente, para posteriormente restaurarlo de manera fija. A la hora de restaurar dientes desgastados, se colocar\u00e1n sobre las mismas coronas \u00f3 carillas. Tanto las carillas como las coronas se realizan con materiales","og_url":"https:\/\/tecnidental.com.ec\/index.php\/doctor-services\/","og_site_name":"Tecnidental","article_publisher":"https:\/\/www.facebook.com\/tecnidentalcuenca?mibextid=ZbWKwL","article_modified_time":"2023-10-25T03:02:21+00:00","twitter_card":"summary_large_image","twitter_misc":{"Tiempo de lectura":"1 minuto"},"schema":{"@context":"https:\/\/schema.org","@graph":[{"@type":"WebPage","@id":"https:\/\/tecnidental.com.ec\/index.php\/doctor-services\/","url":"https:\/\/tecnidental.com.ec\/index.php\/doctor-services\/","name":"- Tecnidental","isPartOf":{"@id":"https:\/\/tecnidental.com.ec\/#website"},"datePublished":"2017-03-02T04:36:51+00:00","dateModified":"2023-10-25T03:02:21+00:00","inLanguage":"es","potentialAction":[{"@type":"ReadAction","target":["https:\/\/tecnidental.com.ec\/index.php\/doctor-services\/"]}]},{"@type":"WebSite","@id":"https:\/\/tecnidental.com.ec\/#website","url":"https:\/\/tecnidental.com.ec\/","name":"Tecnidental","description":"","publisher":{"@id":"https:\/\/tecnidental.com.ec\/#organization"},"potentialAction":[{"@type":"SearchAction","target":{"@type":"EntryPoint","urlTemplate":"https:\/\/tecnidental.com.ec\/?s={search_term_string}"},"query-input":"required name=search_term_string"}],"inLanguage":"es"},{"@type":"Organization","@id":"https:\/\/tecnidental.com.ec\/#organization","name":"Tecnidental","url":"https:\/\/tecnidental.com.ec\/","logo":{"@type":"ImageObject","inLanguage":"es","@id":"https:\/\/tecnidental.com.ec\/#\/schema\/logo\/image\/","url":"https:\/\/tecnidental.com.ec\/wp-content\/uploads\/2023\/08\/LOGO-TECNIDENTAL_190X72_Mesa-de-trabajo-1.png","contentUrl":"https:\/\/tecnidental.com.ec\/wp-content\/uploads\/2023\/08\/LOGO-TECNIDENTAL_190X72_Mesa-de-trabajo-1.png","width":191,"height":73,"caption":"Tecnidental"},"image":{"@id":"https:\/\/tecnidental.com.ec\/#\/schema\/logo\/image\/"},"sameAs":["https:\/\/www.facebook.com\/tecnidentalcuenca?mibextid=ZbWKwL"]}]}},"_links":{"self":[{"href":"https:\/\/tecnidental.com.ec\/index.php\/wp-json\/wp\/v2\/pages\/226","targetHints":{"allow":["GET"]}}],"collection":[{"href":"https:\/\/tecnidental.com.ec\/index.php\/wp-json\/wp\/v2\/pages"}],"about":[{"href":"https:\/\/tecnidental.com.ec\/index.php\/wp-json\/wp\/v2\/types\/page"}],"author":[{"embeddable":true,"href":"https:\/\/tecnidental.com.ec\/index.php\/wp-json\/wp\/v2\/users\/1"}],"replies":[{"embeddable":true,"href":"https:\/\/tecnidental.com.ec\/index.php\/wp-json\/wp\/v2\/comments?post=226"}],"version-history":[{"count":22,"href":"https:\/\/tecnidental.com.ec\/index.php\/wp-json\/wp\/v2\/pages\/226\/revisions"}],"predecessor-version":[{"id":1586,"href":"https:\/\/tecnidental.com.ec\/index.php\/wp-json\/wp\/v2\/pages\/226\/revisions\/1586"}],"wp:attachment":[{"href":"https:\/\/tecnidental.com.ec\/index.php\/wp-json\/wp\/v2\/media?parent=226"}],"curies":[{"name":"wp","href":"https:\/\/api.w.org\/{rel}","templated":true}]}}