{"id":1338,"date":"2023-08-31T20:54:12","date_gmt":"2023-08-31T20:54:12","guid":{"rendered":"https:\/\/tecnidental.com.ec\/?page_id=1338"},"modified":"2023-10-25T03:05:06","modified_gmt":"2023-10-25T03:05:06","slug":"impresion-3d","status":"publish","type":"page","link":"https:\/\/tecnidental.com.ec\/index.php\/impresion-3d\/","title":{"rendered":""},"content":{"rendered":"<section class=\"wpb-content-wrapper\"><p>[vc_row el_class=&#8221;tt-block&#8221;][vc_column][vc_column_text css=&#8221;.vc_custom_1698203024454{margin-bottom: 0px !important;}&#8221;]<\/p>\n<div class=\"row\">\n<div class=\"col-md-7\">\n<div class=\"tt-clinical\">\n<h4 class=\"tt-title h4\">Impresi\u00f3n<span class=\"none\"> 3D<\/span><\/h4>\n<div class=\"simple-text margin\">\n<p style=\"text-align: left;\">Fabrica prototipos y piezas de uso final funcionales y de alta calidad en un tiempo r\u00e9cord con la Form\u00a03+, una impresora 3D de calidad industrial asequible que ofrece resultados fiables. La Form\u00a03+ ofrece una calidad y precisi\u00f3n de impresi\u00f3n fiables, con una preparaci\u00f3n y mantenimiento sencillos y una amplia gama de materiales de alto rendimiento.<\/p>\n<\/div>\n<\/div>\n<\/div>\n<div class=\"col-md-5\">\n<div class=\"tt-clinical-img\"><img loading=\"lazy\" decoding=\"async\" class=\"img-responsive alignnone wp-image-1437 size-medium\" src=\"https:\/\/tecnidental.com.ec\/wp-content\/uploads\/2023\/09\/Impresora-256x300.png\" alt=\"\" width=\"256\" height=\"300\" srcset=\"https:\/\/tecnidental.com.ec\/wp-content\/uploads\/2023\/09\/Impresora-256x300.png 256w, https:\/\/tecnidental.com.ec\/wp-content\/uploads\/2023\/09\/Impresora.png 460w\" sizes=\"auto, (max-width: 256px) 100vw, 256px\" \/><\/div>\n<\/div>\n<\/div>\n<p>[\/vc_column_text][vc_column_text css=&#8221;.vc_custom_1698203050105{margin-bottom: 0px !important;}&#8221;]&nbsp;<\/p>\n<div class=\"row\">\n<div class=\"col-md-5\">\n<div><\/div>\n<div><\/div>\n<div><\/div>\n<div class=\"tt-clinical-img\"><img loading=\"lazy\" decoding=\"async\" class=\"img-responsive alignnone wp-image-1436 size-medium\" src=\"https:\/\/tecnidental.com.ec\/wp-content\/uploads\/2023\/09\/Form-wash-300x300.png\" alt=\"\" width=\"300\" height=\"300\" srcset=\"https:\/\/tecnidental.com.ec\/wp-content\/uploads\/2023\/09\/Form-wash-300x300.png 300w, https:\/\/tecnidental.com.ec\/wp-content\/uploads\/2023\/09\/Form-wash-150x150.png 150w, https:\/\/tecnidental.com.ec\/wp-content\/uploads\/2023\/09\/Form-wash.png 600w\" sizes=\"auto, (max-width: 300px) 100vw, 300px\" \/><\/div>\n<\/div>\n<div class=\"col-md-7\">\n<div class=\"tt-clinical\">\n<h4><\/h4>\n<h4><\/h4>\n<h4><\/h4>\n<h4 class=\"tt-title h4\">FORM WASH<\/h4>\n<div class=\"simple-text margin\">\n<p>Form Wash automatiza el proceso de lavado de impresiones para una limpieza consistente, exhaustiva y sin ensuciar. Las piezas pueden transferirse directamente desde la impresora a Form Wash y enjuagarse directamente en la plataforma de construcci\u00f3n o retirarse y colocarse en la cesta de lavado.<br \/>\nForm Wash est\u00e1 dise\u00f1ado para piezas impresas en las impresoras Form 3 de generaci\u00f3n y tambi\u00e9n se puede utilizar para enjuagar piezas m\u00e1s peque\u00f1as impresas en nuestras impresoras 3D de gran formato, Form 3L y Form 3BL.<\/p>\n<\/div>\n<\/div>\n<\/div>\n<\/div>\n<p>[\/vc_column_text][vc_column_text css=&#8221;.vc_custom_1698203065681{margin-bottom: 0px !important;}&#8221;]&nbsp;<\/p>\n<div class=\"row\">\n<div class=\"col-md-7\">\n<div class=\"tt-clinical\">\n<h4><\/h4>\n<h4><\/h4>\n<h4><\/h4>\n<h4 class=\"tt-title h4\">FORM CURE<\/h4>\n<div class=\"simple-text margin\">\n<p>El poscurado maximiza las propiedades de los materiales en las impresiones estereolitogr\u00e1ficas, mejorando la resistencia y el rendimiento de las piezas. La Form Cure combina con precisi\u00f3n la temperatura y la luz de 405 nm para poscurar uniformemente las impresiones.<\/p>\n<\/div>\n<\/div>\n<\/div>\n<div class=\"col-md-5\">\n<div class=\"tt-clinical-img\"><img loading=\"lazy\" decoding=\"async\" class=\"img-responsive alignnone wp-image-1435 size-medium\" src=\"https:\/\/tecnidental.com.ec\/wp-content\/uploads\/2023\/09\/Form-Cure-300x300.png\" alt=\"\" width=\"300\" height=\"300\" srcset=\"https:\/\/tecnidental.com.ec\/wp-content\/uploads\/2023\/09\/Form-Cure-300x300.png 300w, https:\/\/tecnidental.com.ec\/wp-content\/uploads\/2023\/09\/Form-Cure-150x150.png 150w, https:\/\/tecnidental.com.ec\/wp-content\/uploads\/2023\/09\/Form-Cure.png 600w\" sizes=\"auto, (max-width: 300px) 100vw, 300px\" \/><\/div>\n<\/div>\n<\/div>\n<p>[\/vc_column_text][\/vc_column][\/vc_row]<\/p>\n<\/section>","protected":false},"excerpt":{"rendered":"<p>[vc_row el_class=&#8221;tt-block&#8221;][vc_column][vc_column_text css=&#8221;.vc_custom_1698203024454{margin-bottom: 0px !important;}&#8221;] Impresi\u00f3n 3D Fabrica prototipos y piezas de uso final funcionales y de alta calidad en un tiempo r\u00e9cord con la Form\u00a03+, una impresora 3D de calidad industrial asequible que ofrece resultados fiables. La Form\u00a03+ ofrece una calidad y precisi\u00f3n de impresi\u00f3n fiables, con una preparaci\u00f3n y mantenimiento sencillos y una<\/p>\n","protected":false},"author":1,"featured_media":0,"parent":0,"menu_order":0,"comment_status":"closed","ping_status":"closed","template":"","meta":{"footnotes":""},"class_list":["post-1338","page","type-page","status-publish","hentry"],"yoast_head":"<!-- This site is optimized with the Yoast SEO plugin v20.11 - https:\/\/yoast.com\/wordpress\/plugins\/seo\/ -->\n<title>- Tecnidental<\/title>\n<meta name=\"robots\" content=\"index, follow, max-snippet:-1, max-image-preview:large, max-video-preview:-1\" \/>\n<link rel=\"canonical\" href=\"https:\/\/tecnidental.com.ec\/index.php\/impresion-3d\/\" \/>\n<meta property=\"og:locale\" content=\"es_ES\" \/>\n<meta property=\"og:type\" content=\"article\" \/>\n<meta property=\"og:title\" content=\"- Tecnidental\" \/>\n<meta property=\"og:description\" content=\"[vc_row el_class=&#8221;tt-block&#8221;][vc_column][vc_column_text css=&#8221;.vc_custom_1698203024454{margin-bottom: 0px !important;}&#8221;] Impresi\u00f3n 3D Fabrica prototipos y piezas de uso final funcionales y de alta calidad en un tiempo r\u00e9cord con la Form\u00a03+, una impresora 3D de calidad industrial asequible que ofrece resultados fiables. La Form\u00a03+ ofrece una calidad y precisi\u00f3n de impresi\u00f3n fiables, con una preparaci\u00f3n y mantenimiento sencillos y una\" \/>\n<meta property=\"og:url\" content=\"https:\/\/tecnidental.com.ec\/index.php\/impresion-3d\/\" \/>\n<meta property=\"og:site_name\" content=\"Tecnidental\" \/>\n<meta property=\"article:publisher\" content=\"https:\/\/www.facebook.com\/tecnidentalcuenca?mibextid=ZbWKwL\" \/>\n<meta property=\"article:modified_time\" content=\"2023-10-25T03:05:06+00:00\" \/>\n<meta property=\"og:image\" content=\"https:\/\/tecnidental.com.ec\/wp-content\/uploads\/2023\/09\/Impresora-256x300.png\" \/>\n<meta name=\"twitter:card\" content=\"summary_large_image\" \/>\n<meta name=\"twitter:label1\" content=\"Tiempo de lectura\" \/>\n\t<meta name=\"twitter:data1\" content=\"2 minutos\" \/>\n<script type=\"application\/ld+json\" class=\"yoast-schema-graph\">{\"@context\":\"https:\/\/schema.org\",\"@graph\":[{\"@type\":\"WebPage\",\"@id\":\"https:\/\/tecnidental.com.ec\/index.php\/impresion-3d\/\",\"url\":\"https:\/\/tecnidental.com.ec\/index.php\/impresion-3d\/\",\"name\":\"- Tecnidental\",\"isPartOf\":{\"@id\":\"https:\/\/tecnidental.com.ec\/#website\"},\"datePublished\":\"2023-08-31T20:54:12+00:00\",\"dateModified\":\"2023-10-25T03:05:06+00:00\",\"inLanguage\":\"es\",\"potentialAction\":[{\"@type\":\"ReadAction\",\"target\":[\"https:\/\/tecnidental.com.ec\/index.php\/impresion-3d\/\"]}]},{\"@type\":\"WebSite\",\"@id\":\"https:\/\/tecnidental.com.ec\/#website\",\"url\":\"https:\/\/tecnidental.com.ec\/\",\"name\":\"Tecnidental\",\"description\":\"\",\"publisher\":{\"@id\":\"https:\/\/tecnidental.com.ec\/#organization\"},\"potentialAction\":[{\"@type\":\"SearchAction\",\"target\":{\"@type\":\"EntryPoint\",\"urlTemplate\":\"https:\/\/tecnidental.com.ec\/?s={search_term_string}\"},\"query-input\":\"required name=search_term_string\"}],\"inLanguage\":\"es\"},{\"@type\":\"Organization\",\"@id\":\"https:\/\/tecnidental.com.ec\/#organization\",\"name\":\"Tecnidental\",\"url\":\"https:\/\/tecnidental.com.ec\/\",\"logo\":{\"@type\":\"ImageObject\",\"inLanguage\":\"es\",\"@id\":\"https:\/\/tecnidental.com.ec\/#\/schema\/logo\/image\/\",\"url\":\"https:\/\/tecnidental.com.ec\/wp-content\/uploads\/2023\/08\/LOGO-TECNIDENTAL_190X72_Mesa-de-trabajo-1.png\",\"contentUrl\":\"https:\/\/tecnidental.com.ec\/wp-content\/uploads\/2023\/08\/LOGO-TECNIDENTAL_190X72_Mesa-de-trabajo-1.png\",\"width\":191,\"height\":73,\"caption\":\"Tecnidental\"},\"image\":{\"@id\":\"https:\/\/tecnidental.com.ec\/#\/schema\/logo\/image\/\"},\"sameAs\":[\"https:\/\/www.facebook.com\/tecnidentalcuenca?mibextid=ZbWKwL\"]}]}<\/script>\n<!-- \/ Yoast SEO plugin. -->","yoast_head_json":{"title":"- Tecnidental","robots":{"index":"index","follow":"follow","max-snippet":"max-snippet:-1","max-image-preview":"max-image-preview:large","max-video-preview":"max-video-preview:-1"},"canonical":"https:\/\/tecnidental.com.ec\/index.php\/impresion-3d\/","og_locale":"es_ES","og_type":"article","og_title":"- Tecnidental","og_description":"[vc_row el_class=&#8221;tt-block&#8221;][vc_column][vc_column_text css=&#8221;.vc_custom_1698203024454{margin-bottom: 0px !important;}&#8221;] Impresi\u00f3n 3D Fabrica prototipos y piezas de uso final funcionales y de alta calidad en un tiempo r\u00e9cord con la Form\u00a03+, una impresora 3D de calidad industrial asequible que ofrece resultados fiables. La Form\u00a03+ ofrece una calidad y precisi\u00f3n de impresi\u00f3n fiables, con una preparaci\u00f3n y mantenimiento sencillos y una","og_url":"https:\/\/tecnidental.com.ec\/index.php\/impresion-3d\/","og_site_name":"Tecnidental","article_publisher":"https:\/\/www.facebook.com\/tecnidentalcuenca?mibextid=ZbWKwL","article_modified_time":"2023-10-25T03:05:06+00:00","og_image":[{"url":"https:\/\/tecnidental.com.ec\/wp-content\/uploads\/2023\/09\/Impresora-256x300.png"}],"twitter_card":"summary_large_image","twitter_misc":{"Tiempo de lectura":"2 minutos"},"schema":{"@context":"https:\/\/schema.org","@graph":[{"@type":"WebPage","@id":"https:\/\/tecnidental.com.ec\/index.php\/impresion-3d\/","url":"https:\/\/tecnidental.com.ec\/index.php\/impresion-3d\/","name":"- Tecnidental","isPartOf":{"@id":"https:\/\/tecnidental.com.ec\/#website"},"datePublished":"2023-08-31T20:54:12+00:00","dateModified":"2023-10-25T03:05:06+00:00","inLanguage":"es","potentialAction":[{"@type":"ReadAction","target":["https:\/\/tecnidental.com.ec\/index.php\/impresion-3d\/"]}]},{"@type":"WebSite","@id":"https:\/\/tecnidental.com.ec\/#website","url":"https:\/\/tecnidental.com.ec\/","name":"Tecnidental","description":"","publisher":{"@id":"https:\/\/tecnidental.com.ec\/#organization"},"potentialAction":[{"@type":"SearchAction","target":{"@type":"EntryPoint","urlTemplate":"https:\/\/tecnidental.com.ec\/?s={search_term_string}"},"query-input":"required name=search_term_string"}],"inLanguage":"es"},{"@type":"Organization","@id":"https:\/\/tecnidental.com.ec\/#organization","name":"Tecnidental","url":"https:\/\/tecnidental.com.ec\/","logo":{"@type":"ImageObject","inLanguage":"es","@id":"https:\/\/tecnidental.com.ec\/#\/schema\/logo\/image\/","url":"https:\/\/tecnidental.com.ec\/wp-content\/uploads\/2023\/08\/LOGO-TECNIDENTAL_190X72_Mesa-de-trabajo-1.png","contentUrl":"https:\/\/tecnidental.com.ec\/wp-content\/uploads\/2023\/08\/LOGO-TECNIDENTAL_190X72_Mesa-de-trabajo-1.png","width":191,"height":73,"caption":"Tecnidental"},"image":{"@id":"https:\/\/tecnidental.com.ec\/#\/schema\/logo\/image\/"},"sameAs":["https:\/\/www.facebook.com\/tecnidentalcuenca?mibextid=ZbWKwL"]}]}},"_links":{"self":[{"href":"https:\/\/tecnidental.com.ec\/index.php\/wp-json\/wp\/v2\/pages\/1338","targetHints":{"allow":["GET"]}}],"collection":[{"href":"https:\/\/tecnidental.com.ec\/index.php\/wp-json\/wp\/v2\/pages"}],"about":[{"href":"https:\/\/tecnidental.com.ec\/index.php\/wp-json\/wp\/v2\/types\/page"}],"author":[{"embeddable":true,"href":"https:\/\/tecnidental.com.ec\/index.php\/wp-json\/wp\/v2\/users\/1"}],"replies":[{"embeddable":true,"href":"https:\/\/tecnidental.com.ec\/index.php\/wp-json\/wp\/v2\/comments?post=1338"}],"version-history":[{"count":9,"href":"https:\/\/tecnidental.com.ec\/index.php\/wp-json\/wp\/v2\/pages\/1338\/revisions"}],"predecessor-version":[{"id":1587,"href":"https:\/\/tecnidental.com.ec\/index.php\/wp-json\/wp\/v2\/pages\/1338\/revisions\/1587"}],"wp:attachment":[{"href":"https:\/\/tecnidental.com.ec\/index.php\/wp-json\/wp\/v2\/media?parent=1338"}],"curies":[{"name":"wp","href":"https:\/\/api.w.org\/{rel}","templated":true}]}}