{"id":1331,"date":"2023-08-31T20:42:29","date_gmt":"2023-08-31T20:42:29","guid":{"rendered":"https:\/\/tecnidental.com.ec\/?page_id=1331"},"modified":"2023-10-25T03:50:33","modified_gmt":"2023-10-25T03:50:33","slug":"servicio-cadcam","status":"publish","type":"page","link":"https:\/\/tecnidental.com.ec\/index.php\/servicio-cadcam\/","title":{"rendered":""},"content":{"rendered":"<section class=\"wpb-content-wrapper\"><p>[vc_row el_class=&#8221;tt-block&#8221;][vc_column][vc_column_text css=&#8221;.vc_custom_1698006303590{margin-bottom: 0px !important;}&#8221;]<\/p>\n<h4 class=\"tt-title h4\">Servicio Cad-cam<\/h4>\n<div class=\"tt-subtitle\"><strong>ESC\u00c1NER<\/strong><\/div>\n<div class=\"row\">\n<div class=\"col-md-7\">\n<div class=\"tt-clinical\">\n<div class=\"empty-space marg-lg-b10\"><\/div>\n<div class=\"simple-text margin\">\n<ul>\n<li>Esc\u00e1ner \u00f3ptico a franjas de luz totalmente autom\u00e1tico, con 3 c\u00e1maras de alta resoluci\u00f3n y alta velocidad para una mayor profundidad en los datos, se requieren menos escaneos.<\/li>\n<li>Posee una mayor rapidez al escanear gracias a la actualizada tecnolog\u00eda del software, permite escanear el articulador y capturar el modelo completo en un \u00fanico proceso de escaneado; puede registrarse cualquier articulador de laboratorio.<\/li>\n<li>Importaci\u00f3n y exportaci\u00f3n inteligente de los datos, con interfaz abierta (formatos STL, OFF, OBJ, PLY).<\/li>\n<\/ul>\n<\/div>\n<\/div>\n<\/div>\n<div class=\"col-md-5\">\n<div class=\"tt-clinical-img\"><img loading=\"lazy\" decoding=\"async\" class=\"img-responsive alignnone wp-image-1466 size-full\" src=\"https:\/\/tecnidental.com.ec\/wp-content\/uploads\/2023\/10\/Escaner.png\" alt=\"\" width=\"200\" height=\"200\" srcset=\"https:\/\/tecnidental.com.ec\/wp-content\/uploads\/2023\/10\/Escaner.png 200w, https:\/\/tecnidental.com.ec\/wp-content\/uploads\/2023\/10\/Escaner-150x150.png 150w\" sizes=\"auto, (max-width: 200px) 100vw, 200px\" \/><\/div>\n<\/div>\n<\/div>\n<p>[\/vc_column_text][vc_column_text css=&#8221;.vc_custom_1698205645519{margin-bottom: 0px !important;}&#8221;]<\/p>\n<div class=\"empty-space marg-lg-b10\"><\/div>\n<div class=\"empty-space marg-lg-b10\"><\/div>\n<div class=\"empty-space marg-lg-b10\"><\/div>\n<h4><\/h4>\n<div class=\"row\">\n<div class=\"col-md-2\"><\/div>\n<div class=\"col-md-3\">\n<div class=\"tt-clinical-img\"><img loading=\"lazy\" decoding=\"async\" class=\"img-responsive alignnone wp-image-1467 size-medium\" src=\"https:\/\/tecnidental.com.ec\/wp-content\/uploads\/2023\/10\/fresadora2-148x300.png\" alt=\"\" width=\"148\" height=\"300\" srcset=\"https:\/\/tecnidental.com.ec\/wp-content\/uploads\/2023\/10\/fresadora2-148x300.png 148w, https:\/\/tecnidental.com.ec\/wp-content\/uploads\/2023\/10\/fresadora2.png 160w\" sizes=\"auto, (max-width: 148px) 100vw, 148px\" \/><\/div>\n<\/div>\n<div class=\"col-md-7\">\n<div class=\"tt-clinical\">\n<div class=\"tt-subtitle\"><strong>FRESADORA<\/strong><\/div>\n<div class=\"empty-space marg-lg-b10\"><\/div>\n<div class=\"simple-text margin\">\n<p>Es una m\u00e1quina que, a trav\u00e9s de un lenguaje de programaci\u00f3n, permite la producci\u00f3n de todo tipo de restauraciones extremadamente precisas y de alta calidad.<\/p>\n<ul>\n<li>Sistema de fresado simult\u00e1neo de 4 ejes asistido por el ordenador con cambiador de<br \/>\nherramientas, mecanismo para la elaboraci\u00f3n refrigerada con agua y la elaboraci\u00f3n<br \/>\nde Raw-Abutments.<\/li>\n<li>Ordenador y pantalla<\/li>\n<li>Software CAM<\/li>\n<li>Software de modelaci\u00f3n b\u00e1sico<\/li>\n<\/ul>\n<\/div>\n<\/div>\n<\/div>\n<\/div>\n<p>[\/vc_column_text][vc_column_text css=&#8221;.vc_custom_1696211767379{margin-bottom: 0px !important;}&#8221;]<\/p>\n<div class=\"empty-space marg-lg-b10\"><\/div>\n<div class=\"empty-space marg-lg-b10\"><\/div>\n<div class=\"empty-space marg-lg-b10\"><\/div>\n<h4><\/h4>\n<div class=\"row\">\n<div class=\"col-md-7\">\n<div class=\"tt-clinical\">\n<div class=\"tt-subtitle\">\n<p><strong>HORNO PARA CIRCONIO<\/strong><\/div>\n<div class=\"empty-space marg-lg-b10\"><\/div>\n<div class=\"simple-text margin\">\n<p>Los hornos de alta temperatura de sinterizaci\u00f3n,\u00a0est\u00e1n equipados, adem\u00e1s, con una funci\u00f3n de secado y un enfriamiento r\u00e1pido.<\/p>\n<p>Para el secado residual, el horno mantiene una abertura durante el calentamiento hasta una temperatura definitiva, asegurando as\u00ed una eliminaci\u00f3n fiable de la humedad.<\/p><\/div>\n<\/div>\n<\/div>\n<div class=\"col-md-5\">\n<div class=\"tt-clinical-img\"><img loading=\"lazy\" decoding=\"async\" class=\"img-responsive alignnone wp-image-1407 size-full\" src=\"https:\/\/tecnidental.com.ec\/wp-content\/uploads\/2023\/09\/cadCam-horno.png\" alt=\"\" width=\"163\" height=\"268\" \/><\/div>\n<\/div>\n<\/div>\n<p>[\/vc_column_text][vc_column_text css=&#8221;.vc_custom_1698205671205{margin-bottom: 0px !important;}&#8221;]<\/p>\n<div class=\"empty-space marg-lg-b10\"><\/div>\n<div class=\"empty-space marg-lg-b10\"><\/div>\n<div class=\"empty-space marg-lg-b10\"><\/div>\n<h4><\/h4>\n<div class=\"row\">\n<div class=\"col-md-2\"><\/div>\n<div class=\"col-md-3\">\n<div class=\"tt-clinical-img\"><img loading=\"lazy\" decoding=\"async\" class=\"img-responsive alignnone wp-image-1408 size-full\" src=\"https:\/\/tecnidental.com.ec\/wp-content\/uploads\/2023\/09\/cadCamSinterizado.png\" alt=\"\" width=\"188\" height=\"164\" \/><\/div>\n<\/div>\n<div class=\"col-md-7\">\n<div class=\"tt-clinical\">\n<div class=\"tt-subtitle\">\n<p><strong>HORNO DE SINTERIZADO DE METAL<\/strong><\/p>\n<\/div>\n<div class=\"empty-space marg-lg-b10\"><\/div>\n<div class=\"simple-text margin\">\n<p>El horno de sinterizaci\u00f3n ha sido desarrollado especialmente para la sinterizaci\u00f3n de nuestro metal presinterizado. Gracias a su bomba de vac\u00edo, pueden llevarse a cabo sinterizaciones en ausencia de ox\u00edgeno. Las resistencias de carburo de silicio, muy durables, contribuyen al f\u00e1cil mantenimiento del horno y su mejor funcionamiento.<\/p>\n<p>La \u00f3ptima distribuci\u00f3n de la temperatura en el horno, la contracci\u00f3n constante del 7\u00a0% de nuestro metal presinterizado y su rigidez torsional, permiten realizar estructuras met\u00e1licas y restauraciones.<\/p>\n<\/div>\n<\/div>\n<\/div>\n<\/div>\n<p>[\/vc_column_text][\/vc_column][\/vc_row]<\/p>\n<\/section>","protected":false},"excerpt":{"rendered":"<p>[vc_row el_class=&#8221;tt-block&#8221;][vc_column][vc_column_text css=&#8221;.vc_custom_1698006303590{margin-bottom: 0px !important;}&#8221;] Servicio Cad-cam ESC\u00c1NER Esc\u00e1ner \u00f3ptico a franjas de luz totalmente autom\u00e1tico, con 3 c\u00e1maras de alta resoluci\u00f3n y alta velocidad para una mayor profundidad en los datos, se requieren menos escaneos. Posee una mayor rapidez al escanear gracias a la actualizada tecnolog\u00eda del software, permite escanear el articulador y capturar<\/p>\n","protected":false},"author":1,"featured_media":1354,"parent":0,"menu_order":0,"comment_status":"closed","ping_status":"closed","template":"","meta":{"footnotes":""},"class_list":["post-1331","page","type-page","status-publish","has-post-thumbnail","hentry"],"yoast_head":"<!-- This site is optimized with the Yoast SEO plugin v20.11 - https:\/\/yoast.com\/wordpress\/plugins\/seo\/ -->\n<title>- Tecnidental<\/title>\n<meta name=\"robots\" content=\"index, follow, max-snippet:-1, max-image-preview:large, max-video-preview:-1\" \/>\n<link rel=\"canonical\" href=\"https:\/\/tecnidental.com.ec\/index.php\/servicio-cadcam\/\" \/>\n<meta property=\"og:locale\" content=\"es_ES\" \/>\n<meta property=\"og:type\" content=\"article\" \/>\n<meta property=\"og:title\" content=\"- Tecnidental\" \/>\n<meta property=\"og:description\" content=\"[vc_row el_class=&#8221;tt-block&#8221;][vc_column][vc_column_text css=&#8221;.vc_custom_1698006303590{margin-bottom: 0px !important;}&#8221;] Servicio Cad-cam ESC\u00c1NER Esc\u00e1ner \u00f3ptico a franjas de luz totalmente autom\u00e1tico, con 3 c\u00e1maras de alta resoluci\u00f3n y alta velocidad para una mayor profundidad en los datos, se requieren menos escaneos. Posee una mayor rapidez al escanear gracias a la actualizada tecnolog\u00eda del software, permite escanear el articulador y capturar\" \/>\n<meta property=\"og:url\" content=\"https:\/\/tecnidental.com.ec\/index.php\/servicio-cadcam\/\" \/>\n<meta property=\"og:site_name\" content=\"Tecnidental\" \/>\n<meta property=\"article:publisher\" content=\"https:\/\/www.facebook.com\/tecnidentalcuenca?mibextid=ZbWKwL\" \/>\n<meta property=\"article:modified_time\" content=\"2023-10-25T03:50:33+00:00\" \/>\n<meta property=\"og:image\" content=\"https:\/\/tecnidental.com.ec\/wp-content\/uploads\/2023\/08\/Cerec-Omnicam.jpg\" \/>\n\t<meta property=\"og:image:width\" content=\"521\" \/>\n\t<meta property=\"og:image:height\" content=\"397\" \/>\n\t<meta property=\"og:image:type\" content=\"image\/jpeg\" \/>\n<meta name=\"twitter:card\" content=\"summary_large_image\" \/>\n<meta name=\"twitter:label1\" content=\"Tiempo de lectura\" \/>\n\t<meta name=\"twitter:data1\" content=\"3 minutos\" \/>\n<script type=\"application\/ld+json\" class=\"yoast-schema-graph\">{\"@context\":\"https:\/\/schema.org\",\"@graph\":[{\"@type\":\"WebPage\",\"@id\":\"https:\/\/tecnidental.com.ec\/index.php\/servicio-cadcam\/\",\"url\":\"https:\/\/tecnidental.com.ec\/index.php\/servicio-cadcam\/\",\"name\":\"- Tecnidental\",\"isPartOf\":{\"@id\":\"https:\/\/tecnidental.com.ec\/#website\"},\"datePublished\":\"2023-08-31T20:42:29+00:00\",\"dateModified\":\"2023-10-25T03:50:33+00:00\",\"inLanguage\":\"es\",\"potentialAction\":[{\"@type\":\"ReadAction\",\"target\":[\"https:\/\/tecnidental.com.ec\/index.php\/servicio-cadcam\/\"]}]},{\"@type\":\"WebSite\",\"@id\":\"https:\/\/tecnidental.com.ec\/#website\",\"url\":\"https:\/\/tecnidental.com.ec\/\",\"name\":\"Tecnidental\",\"description\":\"\",\"publisher\":{\"@id\":\"https:\/\/tecnidental.com.ec\/#organization\"},\"potentialAction\":[{\"@type\":\"SearchAction\",\"target\":{\"@type\":\"EntryPoint\",\"urlTemplate\":\"https:\/\/tecnidental.com.ec\/?s={search_term_string}\"},\"query-input\":\"required name=search_term_string\"}],\"inLanguage\":\"es\"},{\"@type\":\"Organization\",\"@id\":\"https:\/\/tecnidental.com.ec\/#organization\",\"name\":\"Tecnidental\",\"url\":\"https:\/\/tecnidental.com.ec\/\",\"logo\":{\"@type\":\"ImageObject\",\"inLanguage\":\"es\",\"@id\":\"https:\/\/tecnidental.com.ec\/#\/schema\/logo\/image\/\",\"url\":\"https:\/\/tecnidental.com.ec\/wp-content\/uploads\/2023\/08\/LOGO-TECNIDENTAL_190X72_Mesa-de-trabajo-1.png\",\"contentUrl\":\"https:\/\/tecnidental.com.ec\/wp-content\/uploads\/2023\/08\/LOGO-TECNIDENTAL_190X72_Mesa-de-trabajo-1.png\",\"width\":191,\"height\":73,\"caption\":\"Tecnidental\"},\"image\":{\"@id\":\"https:\/\/tecnidental.com.ec\/#\/schema\/logo\/image\/\"},\"sameAs\":[\"https:\/\/www.facebook.com\/tecnidentalcuenca?mibextid=ZbWKwL\"]}]}<\/script>\n<!-- \/ Yoast SEO plugin. -->","yoast_head_json":{"title":"- Tecnidental","robots":{"index":"index","follow":"follow","max-snippet":"max-snippet:-1","max-image-preview":"max-image-preview:large","max-video-preview":"max-video-preview:-1"},"canonical":"https:\/\/tecnidental.com.ec\/index.php\/servicio-cadcam\/","og_locale":"es_ES","og_type":"article","og_title":"- Tecnidental","og_description":"[vc_row el_class=&#8221;tt-block&#8221;][vc_column][vc_column_text css=&#8221;.vc_custom_1698006303590{margin-bottom: 0px !important;}&#8221;] Servicio Cad-cam ESC\u00c1NER Esc\u00e1ner \u00f3ptico a franjas de luz totalmente autom\u00e1tico, con 3 c\u00e1maras de alta resoluci\u00f3n y alta velocidad para una mayor profundidad en los datos, se requieren menos escaneos. Posee una mayor rapidez al escanear gracias a la actualizada tecnolog\u00eda del software, permite escanear el articulador y capturar","og_url":"https:\/\/tecnidental.com.ec\/index.php\/servicio-cadcam\/","og_site_name":"Tecnidental","article_publisher":"https:\/\/www.facebook.com\/tecnidentalcuenca?mibextid=ZbWKwL","article_modified_time":"2023-10-25T03:50:33+00:00","og_image":[{"width":521,"height":397,"url":"https:\/\/tecnidental.com.ec\/wp-content\/uploads\/2023\/08\/Cerec-Omnicam.jpg","type":"image\/jpeg"}],"twitter_card":"summary_large_image","twitter_misc":{"Tiempo de lectura":"3 minutos"},"schema":{"@context":"https:\/\/schema.org","@graph":[{"@type":"WebPage","@id":"https:\/\/tecnidental.com.ec\/index.php\/servicio-cadcam\/","url":"https:\/\/tecnidental.com.ec\/index.php\/servicio-cadcam\/","name":"- Tecnidental","isPartOf":{"@id":"https:\/\/tecnidental.com.ec\/#website"},"datePublished":"2023-08-31T20:42:29+00:00","dateModified":"2023-10-25T03:50:33+00:00","inLanguage":"es","potentialAction":[{"@type":"ReadAction","target":["https:\/\/tecnidental.com.ec\/index.php\/servicio-cadcam\/"]}]},{"@type":"WebSite","@id":"https:\/\/tecnidental.com.ec\/#website","url":"https:\/\/tecnidental.com.ec\/","name":"Tecnidental","description":"","publisher":{"@id":"https:\/\/tecnidental.com.ec\/#organization"},"potentialAction":[{"@type":"SearchAction","target":{"@type":"EntryPoint","urlTemplate":"https:\/\/tecnidental.com.ec\/?s={search_term_string}"},"query-input":"required name=search_term_string"}],"inLanguage":"es"},{"@type":"Organization","@id":"https:\/\/tecnidental.com.ec\/#organization","name":"Tecnidental","url":"https:\/\/tecnidental.com.ec\/","logo":{"@type":"ImageObject","inLanguage":"es","@id":"https:\/\/tecnidental.com.ec\/#\/schema\/logo\/image\/","url":"https:\/\/tecnidental.com.ec\/wp-content\/uploads\/2023\/08\/LOGO-TECNIDENTAL_190X72_Mesa-de-trabajo-1.png","contentUrl":"https:\/\/tecnidental.com.ec\/wp-content\/uploads\/2023\/08\/LOGO-TECNIDENTAL_190X72_Mesa-de-trabajo-1.png","width":191,"height":73,"caption":"Tecnidental"},"image":{"@id":"https:\/\/tecnidental.com.ec\/#\/schema\/logo\/image\/"},"sameAs":["https:\/\/www.facebook.com\/tecnidentalcuenca?mibextid=ZbWKwL"]}]}},"_links":{"self":[{"href":"https:\/\/tecnidental.com.ec\/index.php\/wp-json\/wp\/v2\/pages\/1331","targetHints":{"allow":["GET"]}}],"collection":[{"href":"https:\/\/tecnidental.com.ec\/index.php\/wp-json\/wp\/v2\/pages"}],"about":[{"href":"https:\/\/tecnidental.com.ec\/index.php\/wp-json\/wp\/v2\/types\/page"}],"author":[{"embeddable":true,"href":"https:\/\/tecnidental.com.ec\/index.php\/wp-json\/wp\/v2\/users\/1"}],"replies":[{"embeddable":true,"href":"https:\/\/tecnidental.com.ec\/index.php\/wp-json\/wp\/v2\/comments?post=1331"}],"version-history":[{"count":14,"href":"https:\/\/tecnidental.com.ec\/index.php\/wp-json\/wp\/v2\/pages\/1331\/revisions"}],"predecessor-version":[{"id":1594,"href":"https:\/\/tecnidental.com.ec\/index.php\/wp-json\/wp\/v2\/pages\/1331\/revisions\/1594"}],"wp:featuredmedia":[{"embeddable":true,"href":"https:\/\/tecnidental.com.ec\/index.php\/wp-json\/wp\/v2\/media\/1354"}],"wp:attachment":[{"href":"https:\/\/tecnidental.com.ec\/index.php\/wp-json\/wp\/v2\/media?parent=1331"}],"curies":[{"name":"wp","href":"https:\/\/api.w.org\/{rel}","templated":true}]}}